{"id":39,"date":"2019-01-17T15:04:30","date_gmt":"2019-01-17T13:04:30","guid":{"rendered":"http:\/\/orientasia.fi\/wp\/?page_id=39"},"modified":"2021-03-11T13:01:03","modified_gmt":"2021-03-11T11:01:03","slug":"ota-yhteytta","status":"publish","type":"page","link":"http:\/\/orientasia.fi\/wp\/ota-yhteytta\/","title":{"rendered":"Ota yhteytt\u00e4 \u8054\u7cfb\u6211\u4eec"},"content":{"rendered":"<div role=\"form\" class=\"wpcf7\" id=\"wpcf7-f24-o1\" lang=\"fi\" dir=\"ltr\">\n<div class=\"screen-reader-response\" aria-live=\"polite\"><\/div>\n<form action=\"\/wp\/wp-json\/wp\/v2\/pages\/39#wpcf7-f24-o1\" method=\"post\" class=\"wpcf7-form\" novalidate=\"novalidate\">\n<div style=\"display: none;\">\n<input type=\"hidden\" name=\"_wpcf7\" value=\"24\" \/>\n<input type=\"hidden\" name=\"_wpcf7_version\" value=\"5.1.9\" \/>\n<input type=\"hidden\" name=\"_wpcf7_locale\" value=\"fi\" \/>\n<input type=\"hidden\" name=\"_wpcf7_unit_tag\" value=\"wpcf7-f24-o1\" \/>\n<input type=\"hidden\" name=\"_wpcf7_container_post\" value=\"0\" \/>\n<\/div>\n<p><label> Nimi (pakollinen)<br \/>\n    <span class=\"wpcf7-form-control-wrap your-name\"><input type=\"text\" name=\"your-name\" value=\"\" size=\"40\" class=\"wpcf7-form-control wpcf7-text wpcf7-validates-as-required\" aria-required=\"true\" aria-invalid=\"false\" \/><\/span> <\/label><\/p>\n<p><label> S\u00e4hk\u00f6posti (pakollinen)<br \/>\n    <span class=\"wpcf7-form-control-wrap your-email\"><input type=\"email\" name=\"your-email\" value=\"\" size=\"40\" class=\"wpcf7-form-control wpcf7-text wpcf7-email wpcf7-validates-as-required wpcf7-validates-as-email\" aria-required=\"true\" aria-invalid=\"false\" \/><\/span> <\/label><\/p>\n<p><label> Puhelin<br \/>\n    <span class=\"wpcf7-form-control-wrap your-telephone\"><input type=\"text\" name=\"your-telephone\" value=\"\" size=\"40\" class=\"wpcf7-form-control wpcf7-text\" aria-invalid=\"false\" \/><\/span> <\/label><\/p>\n<p><label> Aihe<br \/>\n    <span class=\"wpcf7-form-control-wrap your-subject\"><input type=\"text\" name=\"your-subject\" value=\"\" size=\"40\" class=\"wpcf7-form-control wpcf7-text\" aria-invalid=\"false\" \/><\/span> <\/label><\/p>\n<p><label> Viesti<br \/>\n    <span class=\"wpcf7-form-control-wrap your-message\"><textarea name=\"your-message\" cols=\"40\" rows=\"10\" class=\"wpcf7-form-control wpcf7-textarea\" aria-invalid=\"false\"><\/textarea><\/span> <\/label><\/p>\n<p><input type=\"submit\" value=\"L\u00e4het\u00e4\" class=\"wpcf7-form-control wpcf7-submit\" \/><\/p>\n<div class=\"wpcf7-response-output wpcf7-display-none\" aria-hidden=\"true\"><\/div><\/form><\/div>\n","protected":false},"excerpt":{"rendered":"","protected":false},"author":1,"featured_media":0,"parent":0,"menu_order":30,"comment_status":"closed","ping_status":"closed","template":"","meta":{"footnotes":""},"wppr_data":{"cwp_meta_box_check":"No"},"yoast_head":"<!-- This site is optimized with the Yoast SEO plugin v14.2 - https:\/\/yoast.com\/wordpress\/plugins\/seo\/ -->\n<meta name=\"description\" content=\"kiina kieli tulkki tulkkaus kiinantulkki k\u00e4\u00e4nn\u00f6s kiinan k\u00e4\u00e4nn\u00f6s \u82ac\u5170\u8bed \u7ffb\u8bd1 \u53e3\u8bd1 \u7b14\u8bd1 \u4e2d\u6587\u8d22\u52a1 \u82ac\u5170\u4e2d\u6587\u4f1a\u8ba1 kiinan kielen tulkki\" \/>\n<meta name=\"robots\" content=\"index, follow\" \/>\n<meta name=\"googlebot\" content=\"index, follow, max-snippet:-1, max-image-preview:large, max-video-preview:-1\" \/>\n<meta name=\"bingbot\" content=\"index, follow, max-snippet:-1, max-image-preview:large, max-video-preview:-1\" \/>\n<link rel=\"canonical\" href=\"http:\/\/orientasia.fi\/wp\/ota-yhteytta\/\" \/>\n<meta property=\"og:locale\" content=\"fi_FI\" \/>\n<meta property=\"og:type\" content=\"article\" \/>\n<meta property=\"og:title\" content=\"Ota yhteytt\u00e4 \u8054\u7cfb\u6211\u4eec - Orientasia \u6b27\u745e\u54a8\u8be2\" \/>\n<meta property=\"og:description\" content=\"kiina kieli tulkki tulkkaus kiinantulkki k\u00e4\u00e4nn\u00f6s kiinan k\u00e4\u00e4nn\u00f6s \u82ac\u5170\u8bed \u7ffb\u8bd1 \u53e3\u8bd1 \u7b14\u8bd1 \u4e2d\u6587\u8d22\u52a1 \u82ac\u5170\u4e2d\u6587\u4f1a\u8ba1 kiinan kielen tulkki\" \/>\n<meta property=\"og:url\" content=\"http:\/\/orientasia.fi\/wp\/ota-yhteytta\/\" \/>\n<meta property=\"og:site_name\" content=\"Orientasia \u6b27\u745e\u54a8\u8be2\" \/>\n<meta property=\"article:modified_time\" content=\"2021-03-11T11:01:03+00:00\" \/>\n<meta name=\"twitter:card\" content=\"summary_large_image\" \/>\n<script type=\"application\/ld+json\" class=\"yoast-schema-graph\">{\"@context\":\"https:\/\/schema.org\",\"@graph\":[{\"@type\":\"WebSite\",\"@id\":\"http:\/\/orientasia.fi\/wp\/#website\",\"url\":\"http:\/\/orientasia.fi\/wp\/\",\"name\":\"Orientasia \\u6b27\\u745e\\u54a8\\u8be2\",\"description\":\"Kiinan kieli- ja yrityspalvelut \\u82ac\\u5170\\u8bed\\u7ffb\\u8bd1\\u548c\\u79fb\\u6c11\\u54a8\\u8be2\\u670d\\u52a1\",\"potentialAction\":[{\"@type\":\"SearchAction\",\"target\":\"http:\/\/orientasia.fi\/wp\/?s={search_term_string}\",\"query-input\":\"required name=search_term_string\"}],\"inLanguage\":\"fi\"},{\"@type\":\"WebPage\",\"@id\":\"http:\/\/orientasia.fi\/wp\/ota-yhteytta\/#webpage\",\"url\":\"http:\/\/orientasia.fi\/wp\/ota-yhteytta\/\",\"name\":\"Ota yhteytt\\u00e4 \\u8054\\u7cfb\\u6211\\u4eec - Orientasia \\u6b27\\u745e\\u54a8\\u8be2\",\"isPartOf\":{\"@id\":\"http:\/\/orientasia.fi\/wp\/#website\"},\"datePublished\":\"2019-01-17T13:04:30+00:00\",\"dateModified\":\"2021-03-11T11:01:03+00:00\",\"description\":\"kiina kieli tulkki tulkkaus kiinantulkki k\\u00e4\\u00e4nn\\u00f6s kiinan k\\u00e4\\u00e4nn\\u00f6s \\u82ac\\u5170\\u8bed \\u7ffb\\u8bd1 \\u53e3\\u8bd1 \\u7b14\\u8bd1 \\u4e2d\\u6587\\u8d22\\u52a1 \\u82ac\\u5170\\u4e2d\\u6587\\u4f1a\\u8ba1 kiinan kielen tulkki\",\"inLanguage\":\"fi\",\"potentialAction\":[{\"@type\":\"ReadAction\",\"target\":[\"http:\/\/orientasia.fi\/wp\/ota-yhteytta\/\"]}]}]}<\/script>\n<!-- \/ Yoast SEO plugin. -->","_links":{"self":[{"href":"http:\/\/orientasia.fi\/wp\/wp-json\/wp\/v2\/pages\/39"}],"collection":[{"href":"http:\/\/orientasia.fi\/wp\/wp-json\/wp\/v2\/pages"}],"about":[{"href":"http:\/\/orientasia.fi\/wp\/wp-json\/wp\/v2\/types\/page"}],"author":[{"embeddable":true,"href":"http:\/\/orientasia.fi\/wp\/wp-json\/wp\/v2\/users\/1"}],"replies":[{"embeddable":true,"href":"http:\/\/orientasia.fi\/wp\/wp-json\/wp\/v2\/comments?post=39"}],"version-history":[{"count":2,"href":"http:\/\/orientasia.fi\/wp\/wp-json\/wp\/v2\/pages\/39\/revisions"}],"predecessor-version":[{"id":137,"href":"http:\/\/orientasia.fi\/wp\/wp-json\/wp\/v2\/pages\/39\/revisions\/137"}],"wp:attachment":[{"href":"http:\/\/orientasia.fi\/wp\/wp-json\/wp\/v2\/media?parent=39"}],"curies":[{"name":"wp","href":"https:\/\/api.w.org\/{rel}","templated":true}]}}